{"id":530,"date":"2018-01-30T09:05:51","date_gmt":"2018-01-30T14:05:51","guid":{"rendered":"http:\/\/rotors.mediaprimweb.com\/?page_id=530"},"modified":"2018-01-30T10:09:36","modified_gmt":"2018-01-30T15:09:36","slug":"tour-helicoptere","status":"publish","type":"page","link":"https:\/\/nunavikrotors.com\/fr\/tour-helicoptere\/","title":{"rendered":"Services touristiques"},"content":{"rendered":"<p>[et_pb_section fb_built=\u00a0\u00bb1&Prime; fullwidth=\u00a0\u00bbon\u00a0\u00bb admin_label=\u00a0\u00bbsection\u00a0\u00bb custom_padding_last_edited=\u00a0\u00bbon|phone\u00a0\u00bb _builder_version=\u00a0\u00bb3.0.51&Prime; custom_padding_phone=\u00a0\u00bb0px||0px|\u00a0\u00bb][et_pb_fullwidth_slider show_inner_shadow=\u00a0\u00bboff\u00a0\u00bb admin_label=\u00a0\u00bbFullwidth Slider\u00a0\u00bb _builder_version=\u00a0\u00bb3.0.51&Prime; custom_padding=\u00a0\u00bb150px||200px|\u00a0\u00bb custom_padding_tablet=\u00a0\u00bb200px||200px|\u00a0\u00bb custom_padding_phone=\u00a0\u00bb150px||0px|\u00a0\u00bb custom_padding_last_edited=\u00a0\u00bbon|desktop\u00a0\u00bb auto=\u00a0\u00bbon\u00a0\u00bb auto_speed=\u00a0\u00bb4000&Prime; auto_ignore_hover=\u00a0\u00bbon\u00a0\u00bb top_padding=\u00a0\u00bb150px\u00a0\u00bb bottom_padding=\u00a0\u00bb200px\u00a0\u00bb top_padding_tablet=\u00a0\u00bb200px\u00a0\u00bb bottom_padding_tablet=\u00a0\u00bb200px\u00a0\u00bb top_padding_phone=\u00a0\u00bb150px\u00a0\u00bb bottom_padding_phone=\u00a0\u00bb0px\u00a0\u00bb top_padding_last_edited=\u00a0\u00bbon|phone\u00a0\u00bb bottom_padding_last_edited=\u00a0\u00bbon|desktop\u00a0\u00bb remove_inner_shadow=\u00a0\u00bbon\u00a0\u00bb][et_pb_slide _builder_version=\u00a0\u00bb3.0.51&Prime; background_image=\u00a0\u00bbhttp:\/\/nunavikrotors.com\/wp-content\/uploads\/Nunavik-Rotors-slider-tourism-1.jpg\u00a0\u00bb][\/et_pb_slide][et_pb_slide _builder_version=\u00a0\u00bb3.0.51&Prime; background_image=\u00a0\u00bbhttp:\/\/nunavikrotors.com\/wp-content\/uploads\/Nunavik-Rotors-slider-tourism-2.jpg\u00a0\u00bb][\/et_pb_slide][et_pb_slide _builder_version=\u00a0\u00bb3.0.51&Prime; background_image=\u00a0\u00bbhttp:\/\/nunavikrotors.com\/wp-content\/uploads\/Nunavik-Rotors-slider-tourism-3.jpg\u00a0\u00bb][\/et_pb_slide][\/et_pb_fullwidth_slider][\/et_pb_section][et_pb_section fb_built=\u00a0\u00bb1&Prime; background_color=\u00a0\u00bb#e85127&Prime; admin_label=\u00a0\u00bbsection\u00a0\u00bb _builder_version=\u00a0\u00bb3.0.51&Prime; custom_padding=\u00a0\u00bb0px||0px|\u00a0\u00bb][et_pb_row custom_margin=\u00a0\u00bb0px||0px|\u00a0\u00bb admin_label=\u00a0\u00bbrow\u00a0\u00bb _builder_version=\u00a0\u00bb3.0.51&Prime; background_image=\u00a0\u00bbhttp:\/\/nunavikrotors.com\/wp-content\/uploads\/Nunavik-Rotors-bg-bande1.png\u00a0\u00bb background_size=\u00a0\u00bbinitial\u00a0\u00bb background_position=\u00a0\u00bbtop_left\u00a0\u00bb background_repeat=\u00a0\u00bbrepeat\u00a0\u00bb][et_pb_column type=\u00a0\u00bb4_4&Prime; _builder_version=\u00a0\u00bb3.0.47&Prime; parallax=\u00a0\u00bboff\u00a0\u00bb parallax_method=\u00a0\u00bbon\u00a0\u00bb][et_pb_text admin_label=\u00a0\u00bbText\u00a0\u00bb _builder_version=\u00a0\u00bb3.0.98&Prime; header_font_size_phone=\u00a0\u00bb24px\u00a0\u00bb header_font_size_last_edited=\u00a0\u00bbon|phone\u00a0\u00bb inline_fonts=\u00a0\u00bbPacifico\u00a0\u00bb]<\/p>\n<h1 style=\"text-align: center;\">Tours d&rsquo;<span style=\"font-family: Pacifico;\">h\u00e9licopt\u00e8re<\/span> avec Nunavik Rotors <\/h1>\n<p>[\/et_pb_text][\/et_pb_column][\/et_pb_row][\/et_pb_section][et_pb_section fb_built=\u00a0\u00bb1&Prime; background_color=\u00a0\u00bb#818386&Prime; admin_label=\u00a0\u00bbsection\u00a0\u00bb _builder_version=\u00a0\u00bb3.0.51&Prime; custom_padding=\u00a0\u00bb0px||0px|\u00a0\u00bb][et_pb_row make_fullwidth=\u00a0\u00bbon\u00a0\u00bb use_custom_gutter=\u00a0\u00bbon\u00a0\u00bb gutter_width=\u00a0\u00bb1&Prime; custom_padding=\u00a0\u00bb0px||0px|\u00a0\u00bb custom_margin=\u00a0\u00bb0px||0px|\u00a0\u00bb make_equal=\u00a0\u00bbon\u00a0\u00bb bg_img_1=\u00a0\u00bbhttp:\/\/nunavikrotors.com\/wp-content\/uploads\/Nunavik-Rotors-bg-1-1.png\u00a0\u00bb padding_top_1=\u00a0\u00bb10px\u00a0\u00bb padding_right_1=\u00a0\u00bb10px\u00a0\u00bb padding_bottom_1=\u00a0\u00bb10px\u00a0\u00bb padding_left_1=\u00a0\u00bb60px\u00a0\u00bb background_size_1=\u00a0\u00bbcover\u00a0\u00bb background_position_1=\u00a0\u00bbcenter_left\u00a0\u00bb padding_1_tablet=\u00a0\u00bb|||30px\u00a0\u00bb padding_1_last_edited=\u00a0\u00bbon|phone\u00a0\u00bb admin_label=\u00a0\u00bbrow\u00a0\u00bb _builder_version=\u00a0\u00bb3.0.51&Prime;][et_pb_column type=\u00a0\u00bb1_2&Prime; _builder_version=\u00a0\u00bb3.0.47&Prime; padding_tablet=\u00a0\u00bb|||30px\u00a0\u00bb padding_last_edited=\u00a0\u00bbon|phone\u00a0\u00bb padding_bottom=\u00a0\u00bb10px\u00a0\u00bb padding_left=\u00a0\u00bb60px\u00a0\u00bb padding_right=\u00a0\u00bb10px\u00a0\u00bb padding_top=\u00a0\u00bb10px\u00a0\u00bb bg_img=\u00a0\u00bbhttp:\/\/nunavikrotors.com\/wp-content\/uploads\/Nunavik-Rotors-bg-1-1.png\u00a0\u00bb parallax=\u00a0\u00bboff\u00a0\u00bb parallax_method=\u00a0\u00bbon\u00a0\u00bb background_size=\u00a0\u00bbcover\u00a0\u00bb background_position=\u00a0\u00bbcenter_left\u00a0\u00bb][et_pb_text background_layout=\u00a0\u00bbdark\u00a0\u00bb admin_label=\u00a0\u00bbText\u00a0\u00bb _builder_version=\u00a0\u00bb3.0.98&Prime; custom_margin=\u00a0\u00bb25px|20px||40px\u00a0\u00bb custom_margin_tablet=\u00a0\u00bb25px|20px|30px|0px\u00a0\u00bb custom_margin_phone=\u00a0\u00bb25px|10px|30px|0px\u00a0\u00bb custom_margin_last_edited=\u00a0\u00bbon|tablet\u00a0\u00bb custom_padding=\u00a0\u00bb0px|0px|0px|0px\u00a0\u00bb inline_fonts=\u00a0\u00bbPacifico\u00a0\u00bb]<\/p>\n<h2>Comme un oiseau,<br \/> <strong>voir le monde depuis le ciel<\/strong>.<\/h2>\n<p>D\u00e9couvrir la g\u00e9ographie unique et spectaculaire de Kuujjuaq et ses environs du haut des airs est un privil\u00e8ge que peu de gens ont eu la chance d\u2019exp\u00e9rimenter. La meilleure fa\u00e7on de vivre cette aventure exaltante est \u00e0 bord d\u2019un h\u00e9licopt\u00e8re de Nunavik Rotors.<\/p>\n<p>Pour une exp\u00e9dition vers les Torngat Mountains ou tout autre lieu que vous r\u00eavez d\u2019explorer, nos services d\u2019h\u00e9licopt\u00e8res personnalis\u00e9s vous ouvrent une multitude de possibilit\u00e9s.<\/p>\n<p>Nunavik Rotors vous offre aussi 4 forfaits populaires qui vous emm\u00e8nent vers les destinations incontournables de la r\u00e9gion. Comme un oiseau, envolez-vous et laissez-nous vous guider.<\/p>\n<p>[\/et_pb_text][\/et_pb_column][et_pb_column type=\u00a0\u00bb1_2&Prime; _builder_version=\u00a0\u00bb3.0.47&Prime; parallax=\u00a0\u00bboff\u00a0\u00bb parallax_method=\u00a0\u00bbon\u00a0\u00bb][et_pb_image src=\u00a0\u00bbhttp:\/\/nunavikrotors.com\/wp-content\/uploads\/Nunavik-Rotors-2015-21.jpg\u00a0\u00bb admin_label=\u00a0\u00bbImage\u00a0\u00bb _builder_version=\u00a0\u00bb3.0.51&Prime; animation=\u00a0\u00bboff\u00a0\u00bb][\/et_pb_image][\/et_pb_column][\/et_pb_row][\/et_pb_section][et_pb_section fb_built=\u00a0\u00bb1&Prime; background_color=\u00a0\u00bb#e85127&Prime; admin_label=\u00a0\u00bbsection\u00a0\u00bb custom_padding_last_edited=\u00a0\u00bbon|desktop\u00a0\u00bb _builder_version=\u00a0\u00bb3.0.51&Prime; custom_padding=\u00a0\u00bb0px||0px|\u00a0\u00bb custom_padding_phone=\u00a0\u00bb||0px|\u00a0\u00bb][et_pb_row custom_margin=\u00a0\u00bb0px||0px|\u00a0\u00bb admin_label=\u00a0\u00bbrow\u00a0\u00bb _builder_version=\u00a0\u00bb3.0.51&Prime; background_image=\u00a0\u00bbhttp:\/\/nunavikrotors.com\/wp-content\/uploads\/Nunavik-Rotors-bg-bande1.png\u00a0\u00bb background_size=\u00a0\u00bbinitial\u00a0\u00bb background_position=\u00a0\u00bbbottom_right\u00a0\u00bb][et_pb_column type=\u00a0\u00bb4_4&Prime; _builder_version=\u00a0\u00bb3.0.47&Prime; parallax=\u00a0\u00bboff\u00a0\u00bb parallax_method=\u00a0\u00bbon\u00a0\u00bb][et_pb_text admin_label=\u00a0\u00bbText\u00a0\u00bb _builder_version=\u00a0\u00bb3.0.98&Prime; header_font_size_phone=\u00a0\u00bb24px\u00a0\u00bb header_font_size_last_edited=\u00a0\u00bbon|phone\u00a0\u00bb inline_fonts=\u00a0\u00bbPacifico\u00a0\u00bb]<\/p>\n<h1 style=\"text-align: center;\">Choisissez votre <span style=\"font-family: Pacifico;\">forfait<\/span><\/h1>\n<p>[\/et_pb_text][\/et_pb_column][\/et_pb_row][\/et_pb_section][et_pb_section fb_built=\u00a0\u00bb1&Prime; background_color=\u00a0\u00bb#003268&Prime; custom_padding_last_edited=\u00a0\u00bbon|desktop\u00a0\u00bb _builder_version=\u00a0\u00bb3.0.51&Prime; custom_padding=\u00a0\u00bb0px|||\u00a0\u00bb custom_padding_phone=\u00a0\u00bb|||\u00a0\u00bb][et_pb_row use_custom_width=\u00a0\u00bbon\u00a0\u00bb custom_width_px=\u00a0\u00bb900px\u00a0\u00bb use_custom_gutter=\u00a0\u00bbon\u00a0\u00bb gutter_width=\u00a0\u00bb4&Prime; custom_padding=\u00a0\u00bb40px|||\u00a0\u00bb custom_margin=\u00a0\u00bb0px|||\u00a0\u00bb make_equal=\u00a0\u00bbon\u00a0\u00bb background_color_1=\u00a0\u00bbrgba(255,255,255,0.14)\u00a0\u00bb background_color_2=\u00a0\u00bbrgba(255,255,255,0.14)\u00a0\u00bb custom_padding_last_edited=\u00a0\u00bbon|phone\u00a0\u00bb _builder_version=\u00a0\u00bb3.0.51&Prime; custom_margin_last_edited=\u00a0\u00bbon|phone\u00a0\u00bb][et_pb_column type=\u00a0\u00bb1_2&Prime; _builder_version=\u00a0\u00bb3.0.51&Prime; background_color=\u00a0\u00bbrgba(255,255,255,0.14)\u00a0\u00bb parallax=\u00a0\u00bboff\u00a0\u00bb parallax_method=\u00a0\u00bbon\u00a0\u00bb][et_pb_cta title=\u00a0\u00bbLagop\u00e8de\u00a0\u00bb button_url=\u00a0\u00bbhttps:\/\/nunavikrotors.com\/fr\/contact\/\u00a0\u00bb button_text=\u00a0\u00bbCONTACTEZ-NOUS\u00a0\u00bb use_background_color=\u00a0\u00bboff\u00a0\u00bb _builder_version=\u00a0\u00bb3.0.98&Prime; header_font=\u00a0\u00bbPacifico||||\u00a0\u00bb header_font_size_tablet=\u00a0\u00bb40px\u00a0\u00bb header_font_size_phone=\u00a0\u00bb40px\u00a0\u00bb header_font_size_last_edited=\u00a0\u00bbon|tablet\u00a0\u00bb body_font_size=\u00a0\u00bb16px\u00a0\u00bb custom_margin=\u00a0\u00bb20px||20px|\u00a0\u00bb custom_margin_last_edited=\u00a0\u00bbon|desktop\u00a0\u00bb custom_padding=\u00a0\u00bb||0px|\u00a0\u00bb custom_button=\u00a0\u00bbon\u00a0\u00bb button_text_size=\u00a0\u00bb15px\u00a0\u00bb button_text_color=\u00a0\u00bb#ffffff\u00a0\u00bb button_bg_color=\u00a0\u00bb#e85127&Prime; button_border_width=\u00a0\u00bb0px\u00a0\u00bb]<\/p>\n<p><img loading=\"lazy\" decoding=\"async\" class=\"wp-image-330 alignnone size-full\" src=\"http:\/\/nunavikrotors.com\/wp-content\/uploads\/Helicopter-tour-package-1.png\" alt=\"\" width=\"200\" height=\"200\" srcset=\"https:\/\/nunavikrotors.com\/wp-content\/uploads\/Helicopter-tour-package-1.png 200w, https:\/\/nunavikrotors.com\/wp-content\/uploads\/Helicopter-tour-package-1-150x150.png 150w\" sizes=\"(max-width: 200px) 100vw, 200px\" \/><\/p>\n<p style=\"text-align: center;\"><strong>5 \u00e0 8 minutes<\/strong><\/p>\n<p style=\"text-align: center;\">Kuujjuaq du haut des airs, <br \/>un tour de la communaut\u00e9.<\/p>\n<p style=\"text-align: center;\">Id\u00e9al pour un bapt\u00eame de l\u2019air.<\/p>\n<p>[\/et_pb_cta][\/et_pb_column][et_pb_column type=\u00a0\u00bb1_2&Prime; _builder_version=\u00a0\u00bb3.0.51&Prime; background_color=\u00a0\u00bbrgba(255,255,255,0.14)\u00a0\u00bb parallax=\u00a0\u00bboff\u00a0\u00bb parallax_method=\u00a0\u00bbon\u00a0\u00bb][et_pb_cta title=\u00a0\u00bbHarfang des neiges\u00a0\u00bb button_url=\u00a0\u00bbhttps:\/\/nunavikrotors.com\/fr\/contact\/\u00a0\u00bb button_text=\u00a0\u00bbCONTACTEZ-NOUS\u00a0\u00bb use_background_color=\u00a0\u00bboff\u00a0\u00bb _builder_version=\u00a0\u00bb3.0.98&Prime; header_font=\u00a0\u00bbPacifico||||\u00a0\u00bb header_font_size_tablet=\u00a0\u00bb40px\u00a0\u00bb header_font_size_last_edited=\u00a0\u00bbon|desktop\u00a0\u00bb body_font_size=\u00a0\u00bb16px\u00a0\u00bb custom_margin=\u00a0\u00bb20px||20px|\u00a0\u00bb custom_margin_last_edited=\u00a0\u00bbon|desktop\u00a0\u00bb custom_padding=\u00a0\u00bb||0px|\u00a0\u00bb custom_button=\u00a0\u00bbon\u00a0\u00bb button_text_size=\u00a0\u00bb15px\u00a0\u00bb button_text_color=\u00a0\u00bb#ffffff\u00a0\u00bb button_bg_color=\u00a0\u00bb#e85127&Prime; button_border_width=\u00a0\u00bb0px\u00a0\u00bb]<\/p>\n<p><img loading=\"lazy\" decoding=\"async\" class=\"wp-image-331 alignnone size-full\" src=\"http:\/\/nunavikrotors.com\/wp-content\/uploads\/Helicopter-tour-package-2.png\" alt=\"\" width=\"200\" height=\"200\" srcset=\"https:\/\/nunavikrotors.com\/wp-content\/uploads\/Helicopter-tour-package-2.png 200w, https:\/\/nunavikrotors.com\/wp-content\/uploads\/Helicopter-tour-package-2-150x150.png 150w\" sizes=\"(max-width: 200px) 100vw, 200px\" \/><\/p>\n<p style=\"text-align: center;\"><strong>20 \u00e0 25 minutes<\/strong><\/p>\n<p>Kuujjuaq,<br \/>L\u2019\u00e9pave,<br \/>Vieux-Chimo,<br \/>Le lac Gabriel,<br \/>La rivi\u00e8re Koksoak<\/p>\n<p>[\/et_pb_cta][\/et_pb_column][\/et_pb_row][et_pb_row use_custom_width=\u00a0\u00bbon\u00a0\u00bb custom_width_px=\u00a0\u00bb900px\u00a0\u00bb use_custom_gutter=\u00a0\u00bbon\u00a0\u00bb gutter_width=\u00a0\u00bb4&Prime; custom_padding=\u00a0\u00bb0px|||\u00a0\u00bb custom_margin=\u00a0\u00bb0px|||\u00a0\u00bb make_equal=\u00a0\u00bbon\u00a0\u00bb background_color_1=\u00a0\u00bbrgba(255,255,255,0.14)\u00a0\u00bb background_color_2=\u00a0\u00bbrgba(255,255,255,0.14)\u00a0\u00bb _builder_version=\u00a0\u00bb3.0.51&Prime;][et_pb_column type=\u00a0\u00bb1_2&Prime; _builder_version=\u00a0\u00bb3.0.51&Prime; background_color=\u00a0\u00bbrgba(255,255,255,0.14)\u00a0\u00bb parallax=\u00a0\u00bboff\u00a0\u00bb parallax_method=\u00a0\u00bbon\u00a0\u00bb][et_pb_cta title=\u00a0\u00bbFaucon\u00a0\u00bb button_url=\u00a0\u00bbhttps:\/\/nunavikrotors.com\/fr\/contact\/\u00a0\u00bb button_text=\u00a0\u00bbCONTACTEZ-NOUS\u00a0\u00bb use_background_color=\u00a0\u00bboff\u00a0\u00bb _builder_version=\u00a0\u00bb3.0.98&Prime; header_font=\u00a0\u00bbPacifico||||\u00a0\u00bb header_font_size_tablet=\u00a0\u00bb40px\u00a0\u00bb header_font_size_last_edited=\u00a0\u00bbon|phone\u00a0\u00bb body_font_size=\u00a0\u00bb16px\u00a0\u00bb custom_margin=\u00a0\u00bb20px||20px|\u00a0\u00bb custom_margin_last_edited=\u00a0\u00bbon|desktop\u00a0\u00bb custom_padding=\u00a0\u00bb||0px|\u00a0\u00bb custom_button=\u00a0\u00bbon\u00a0\u00bb button_text_size=\u00a0\u00bb15px\u00a0\u00bb button_text_color=\u00a0\u00bb#ffffff\u00a0\u00bb button_bg_color=\u00a0\u00bb#e85127&Prime; button_border_width=\u00a0\u00bb0px\u00a0\u00bb]<\/p>\n<p><img loading=\"lazy\" decoding=\"async\" class=\"wp-image-334 alignnone size-full\" src=\"http:\/\/nunavikrotors.com\/wp-content\/uploads\/Helicopter-tour-package-3.png\" alt=\"\" width=\"200\" height=\"200\" srcset=\"https:\/\/nunavikrotors.com\/wp-content\/uploads\/Helicopter-tour-package-3.png 200w, https:\/\/nunavikrotors.com\/wp-content\/uploads\/Helicopter-tour-package-3-150x150.png 150w\" sizes=\"(max-width: 200px) 100vw, 200px\" \/><\/p>\n<p>Faites une halte et passez <br \/>une journ\u00e9e \u00e0 cueillir la chicoutai <br \/>dans un endroit accessible <br \/>seulement en h\u00e9licopt\u00e8re<\/p>\n<p><strong>Rayon de 10 miles<\/strong><\/p>\n<p>[\/et_pb_cta][\/et_pb_column][et_pb_column type=\u00a0\u00bb1_2&Prime; _builder_version=\u00a0\u00bb3.0.51&Prime; background_color=\u00a0\u00bbrgba(255,255,255,0.14)\u00a0\u00bb parallax=\u00a0\u00bboff\u00a0\u00bb parallax_method=\u00a0\u00bbon\u00a0\u00bb][et_pb_cta title=\u00a0\u00bbBernache du Canada\u00a0\u00bb button_url=\u00a0\u00bbhttps:\/\/nunavikrotors.com\/fr\/contact\/\u00a0\u00bb button_text=\u00a0\u00bbCONTACTEZ-NOUS\u00a0\u00bb use_background_color=\u00a0\u00bboff\u00a0\u00bb _builder_version=\u00a0\u00bb3.0.98&Prime; header_font=\u00a0\u00bbPacifico||||\u00a0\u00bb header_font_size_tablet=\u00a0\u00bb40px\u00a0\u00bb header_font_size_last_edited=\u00a0\u00bbon|phone\u00a0\u00bb body_font_size=\u00a0\u00bb16px\u00a0\u00bb custom_margin=\u00a0\u00bb20px||20px|\u00a0\u00bb custom_margin_last_edited=\u00a0\u00bbon|desktop\u00a0\u00bb custom_padding=\u00a0\u00bb||0px|\u00a0\u00bb custom_button=\u00a0\u00bbon\u00a0\u00bb button_text_size=\u00a0\u00bb15px\u00a0\u00bb button_text_color=\u00a0\u00bb#ffffff\u00a0\u00bb button_bg_color=\u00a0\u00bb#e85127&Prime; button_border_width=\u00a0\u00bb0px\u00a0\u00bb]<\/p>\n<p><img loading=\"lazy\" decoding=\"async\" src=\"http:\/\/nunavikrotors.com\/wp-content\/uploads\/Helicopter-tour-package-4.png\" width=\"200\" height=\"200\" alt=\"\" class=\"wp-image-335 alignnone size-full\" style=\"display: block; margin-left: auto; margin-right: auto;\" srcset=\"https:\/\/nunavikrotors.com\/wp-content\/uploads\/Helicopter-tour-package-4.png 200w, https:\/\/nunavikrotors.com\/wp-content\/uploads\/Helicopter-tour-package-4-150x150.png 150w\" sizes=\"(max-width: 200px) 100vw, 200px\" \/><\/p>\n<p style=\"text-align: center;\"><strong>40 \u00e0 45 minutes<\/strong><\/p>\n<p><strong>Le grand tour\u00a0:<\/strong><br \/>Kuujjuaq,<br \/>La rivi\u00e8re Koksoak \u00e0 la baie d\u2019Ungava,<br \/>La baie S\u00e8che,<\/p>\n<p>(Peut-\u00eatre verrez-vous un boeuf musqu\u00e9)<\/p>\n<p>[\/et_pb_cta][\/et_pb_column][\/et_pb_row][et_pb_row use_custom_width=\u00a0\u00bbon\u00a0\u00bb custom_width_px=\u00a0\u00bb875px\u00a0\u00bb _builder_version=\u00a0\u00bb3.0.51&Prime;][et_pb_column type=\u00a0\u00bb4_4&Prime; _builder_version=\u00a0\u00bb3.0.51&Prime; parallax=\u00a0\u00bboff\u00a0\u00bb parallax_method=\u00a0\u00bbon\u00a0\u00bb][et_pb_text background_layout=\u00a0\u00bbdark\u00a0\u00bb _builder_version=\u00a0\u00bb3.0.98&Prime;]<\/p>\n<ul>\n<li>Disponible sur r\u00e9servation<\/li>\n<li>Groupe de 5 personnes par voyage<\/li>\n<li>Possibilit\u00e9 de forfaits multiples ou de forfaits personnalis\u00e9s sur demande<\/li>\n<li>N\u2019oubliez pas votre appareil photo<\/li>\n<\/ul>\n<p>[\/et_pb_text][\/et_pb_column][\/et_pb_row][\/et_pb_section]<\/p>\n","protected":false},"excerpt":{"rendered":"<p>Tours d&rsquo;h\u00e9licopt\u00e8re avec Nunavik Rotors Comme un oiseau, voir le monde depuis le ciel. D\u00e9couvrir la g\u00e9ographie unique et spectaculaire de Kuujjuaq et ses environs du haut des airs est un privil\u00e8ge que peu de gens ont eu la chance d\u2019exp\u00e9rimenter. La meilleure fa\u00e7on de vivre cette aventure exaltante est \u00e0 bord d\u2019un h\u00e9licopt\u00e8re de [&hellip;]<\/p>\n","protected":false},"author":1,"featured_media":0,"parent":0,"menu_order":0,"comment_status":"closed","ping_status":"closed","template":"","meta":{"_et_pb_use_builder":"on","_et_pb_old_content":"","_et_gb_content_width":"","footnotes":""},"class_list":["post-530","page","type-page","status-publish","hentry"],"_links":{"self":[{"href":"https:\/\/nunavikrotors.com\/fr\/wp-json\/wp\/v2\/pages\/530","targetHints":{"allow":["GET"]}}],"collection":[{"href":"https:\/\/nunavikrotors.com\/fr\/wp-json\/wp\/v2\/pages"}],"about":[{"href":"https:\/\/nunavikrotors.com\/fr\/wp-json\/wp\/v2\/types\/page"}],"author":[{"embeddable":true,"href":"https:\/\/nunavikrotors.com\/fr\/wp-json\/wp\/v2\/users\/1"}],"replies":[{"embeddable":true,"href":"https:\/\/nunavikrotors.com\/fr\/wp-json\/wp\/v2\/comments?post=530"}],"version-history":[{"count":3,"href":"https:\/\/nunavikrotors.com\/fr\/wp-json\/wp\/v2\/pages\/530\/revisions"}],"predecessor-version":[{"id":576,"href":"https:\/\/nunavikrotors.com\/fr\/wp-json\/wp\/v2\/pages\/530\/revisions\/576"}],"wp:attachment":[{"href":"https:\/\/nunavikrotors.com\/fr\/wp-json\/wp\/v2\/media?parent=530"}],"curies":[{"name":"wp","href":"https:\/\/api.w.org\/{rel}","templated":true}]}}