{"id":540,"date":"2018-01-30T09:29:13","date_gmt":"2018-01-30T14:29:13","guid":{"rendered":"http:\/\/rotors.mediaprimweb.com\/?page_id=540"},"modified":"2018-01-30T10:10:26","modified_gmt":"2018-01-30T15:10:26","slug":"services-affaires","status":"publish","type":"page","link":"https:\/\/nunavikrotors.com\/fr\/services-affaires\/","title":{"rendered":"Services aux entreprises"},"content":{"rendered":"<p>[et_pb_section fb_built=\u00a0\u00bb1&Prime; fullwidth=\u00a0\u00bbon\u00a0\u00bb admin_label=\u00a0\u00bbsection\u00a0\u00bb custom_padding_last_edited=\u00a0\u00bbon|phone\u00a0\u00bb _builder_version=\u00a0\u00bb3.0.51&Prime; custom_padding_phone=\u00a0\u00bb0px||0px|\u00a0\u00bb][et_pb_fullwidth_slider show_inner_shadow=\u00a0\u00bboff\u00a0\u00bb admin_label=\u00a0\u00bbFullwidth Slider\u00a0\u00bb _builder_version=\u00a0\u00bb3.0.51&Prime; custom_padding=\u00a0\u00bb150px||200px|\u00a0\u00bb custom_padding_tablet=\u00a0\u00bb200px||200px|\u00a0\u00bb custom_padding_phone=\u00a0\u00bb150px||0px|\u00a0\u00bb custom_padding_last_edited=\u00a0\u00bbon|desktop\u00a0\u00bb auto=\u00a0\u00bbon\u00a0\u00bb auto_speed=\u00a0\u00bb4000&Prime; auto_ignore_hover=\u00a0\u00bbon\u00a0\u00bb top_padding=\u00a0\u00bb150px\u00a0\u00bb bottom_padding=\u00a0\u00bb200px\u00a0\u00bb top_padding_tablet=\u00a0\u00bb200px\u00a0\u00bb bottom_padding_tablet=\u00a0\u00bb200px\u00a0\u00bb top_padding_phone=\u00a0\u00bb150px\u00a0\u00bb bottom_padding_phone=\u00a0\u00bb0px\u00a0\u00bb top_padding_last_edited=\u00a0\u00bbon|phone\u00a0\u00bb bottom_padding_last_edited=\u00a0\u00bbon|desktop\u00a0\u00bb remove_inner_shadow=\u00a0\u00bbon\u00a0\u00bb][et_pb_slide _builder_version=\u00a0\u00bb3.0.51&Prime; background_image=\u00a0\u00bbhttp:\/\/nunavikrotors.com\/wp-content\/uploads\/Nunavik-Rotors-slider-business-1-1.jpg\u00a0\u00bb][\/et_pb_slide][et_pb_slide _builder_version=\u00a0\u00bb3.0.51&Prime; background_image=\u00a0\u00bbhttp:\/\/nunavikrotors.com\/wp-content\/uploads\/Nunavik-Rotors-slider-business-2.jpg\u00a0\u00bb][\/et_pb_slide][et_pb_slide _builder_version=\u00a0\u00bb3.0.51&Prime; background_image=\u00a0\u00bbhttp:\/\/nunavikrotors.com\/wp-content\/uploads\/Nunavik-Rotors-slider-business-3.jpg\u00a0\u00bb][\/et_pb_slide][\/et_pb_fullwidth_slider][\/et_pb_section][et_pb_section fb_built=\u00a0\u00bb1&Prime; background_color=\u00a0\u00bb#e85127&Prime; admin_label=\u00a0\u00bbsection\u00a0\u00bb _builder_version=\u00a0\u00bb3.0.51&Prime; custom_padding=\u00a0\u00bb0px||0px|\u00a0\u00bb][et_pb_row custom_margin=\u00a0\u00bb0px||0px|\u00a0\u00bb admin_label=\u00a0\u00bbrow\u00a0\u00bb _builder_version=\u00a0\u00bb3.0.51&Prime; background_image=\u00a0\u00bbhttp:\/\/nunavikrotors.com\/wp-content\/uploads\/Nunavik-Rotors-bg-bande1.png\u00a0\u00bb background_size=\u00a0\u00bbinitial\u00a0\u00bb background_position=\u00a0\u00bbtop_left\u00a0\u00bb background_repeat=\u00a0\u00bbrepeat\u00a0\u00bb][et_pb_column type=\u00a0\u00bb4_4&Prime; _builder_version=\u00a0\u00bb3.0.47&Prime; parallax=\u00a0\u00bboff\u00a0\u00bb parallax_method=\u00a0\u00bbon\u00a0\u00bb][et_pb_text admin_label=\u00a0\u00bbText\u00a0\u00bb _builder_version=\u00a0\u00bb3.0.98&Prime; header_font_size_phone=\u00a0\u00bb24px\u00a0\u00bb header_font_size_last_edited=\u00a0\u00bbon|phone\u00a0\u00bb inline_fonts=\u00a0\u00bbPacifico\u00a0\u00bb]<\/p>\n<h1 style=\"text-align: center;\">Services d\u2019h\u00e9licopt\u00e8re pour votre <span style=\"font-family: Pacifico;\">entreprise<\/span><\/h1>\n<p>[\/et_pb_text][\/et_pb_column][\/et_pb_row][\/et_pb_section][et_pb_section fb_built=\u00a0\u00bb1&Prime; background_color=\u00a0\u00bb#818386&Prime; admin_label=\u00a0\u00bbsection\u00a0\u00bb _builder_version=\u00a0\u00bb3.0.51&Prime; custom_padding=\u00a0\u00bb0px||0px|\u00a0\u00bb][et_pb_row make_fullwidth=\u00a0\u00bbon\u00a0\u00bb use_custom_gutter=\u00a0\u00bbon\u00a0\u00bb gutter_width=\u00a0\u00bb1&Prime; custom_padding=\u00a0\u00bb0px||0px|\u00a0\u00bb custom_margin=\u00a0\u00bb0px||0px|\u00a0\u00bb make_equal=\u00a0\u00bbon\u00a0\u00bb bg_img_1=\u00a0\u00bbhttp:\/\/nunavikrotors.com\/wp-content\/uploads\/Nunavik-Rotors-bg-1-1.png\u00a0\u00bb padding_top_1=\u00a0\u00bb10px\u00a0\u00bb padding_right_1=\u00a0\u00bb10px\u00a0\u00bb padding_bottom_1=\u00a0\u00bb30px\u00a0\u00bb padding_left_1=\u00a0\u00bb100px\u00a0\u00bb background_size_1=\u00a0\u00bbcover\u00a0\u00bb background_position_1=\u00a0\u00bbcenter_left\u00a0\u00bb padding_1_tablet=\u00a0\u00bb|||30px\u00a0\u00bb padding_1_last_edited=\u00a0\u00bbon|phone\u00a0\u00bb admin_label=\u00a0\u00bbrow\u00a0\u00bb _builder_version=\u00a0\u00bb3.0.51&Prime; background_size=\u00a0\u00bbinitial\u00a0\u00bb background_position=\u00a0\u00bbtop_left\u00a0\u00bb background_repeat=\u00a0\u00bbrepeat\u00a0\u00bb][et_pb_column type=\u00a0\u00bb1_2&Prime; _builder_version=\u00a0\u00bb3.0.47&Prime; padding_tablet=\u00a0\u00bb|||30px\u00a0\u00bb padding_last_edited=\u00a0\u00bbon|phone\u00a0\u00bb padding_bottom=\u00a0\u00bb30px\u00a0\u00bb padding_left=\u00a0\u00bb100px\u00a0\u00bb padding_right=\u00a0\u00bb10px\u00a0\u00bb padding_top=\u00a0\u00bb10px\u00a0\u00bb bg_img=\u00a0\u00bbhttp:\/\/nunavikrotors.com\/wp-content\/uploads\/Nunavik-Rotors-bg-1-1.png\u00a0\u00bb parallax=\u00a0\u00bboff\u00a0\u00bb parallax_method=\u00a0\u00bbon\u00a0\u00bb background_size=\u00a0\u00bbcover\u00a0\u00bb background_position=\u00a0\u00bbcenter_left\u00a0\u00bb][et_pb_text background_layout=\u00a0\u00bbdark\u00a0\u00bb admin_label=\u00a0\u00bbText\u00a0\u00bb _builder_version=\u00a0\u00bb3.0.98&Prime; custom_margin=\u00a0\u00bb25px|20px|30px|0px\u00a0\u00bb custom_margin_tablet=\u00a0\u00bb25px|20px|30px|0px\u00a0\u00bb custom_margin_phone=\u00a0\u00bb25px|10px|30px|0px\u00a0\u00bb custom_margin_last_edited=\u00a0\u00bbon|tablet\u00a0\u00bb custom_padding=\u00a0\u00bb0px|0px|0px|0px\u00a0\u00bb inline_fonts=\u00a0\u00bbPacifico\u00a0\u00bb]<\/p>\n<h2>Pour un travail rapide et fiable,<br \/> <strong>choisissez nos h\u00e9licopt\u00e8res<\/strong>.<\/h2>\n<p>Nunavik Rotors est situ\u00e9 \u00e0 Kuujjuaq, plaque tournante du transport au Nunavik. Nous offrons un acc\u00e8s rapide \u00e0 toute la r\u00e9gion et aux territoires voisins.<\/p>\n<p>Rep\u00e9rage sur le terrain, relev\u00e9s g\u00e9ologiques, transport d\u2019\u00e9quipement et mat\u00e9riel, transport de travailleurs, photographie a\u00e9rienne\u2026 Quels que soient les besoins de votre entreprise, nos h\u00e9licopt\u00e8res et notre \u00e9quipe sont \u00e0 votre service.<\/p>\n<p>Consultez la section de nos h\u00e9licopt\u00e8res pour plus de d\u00e9tails sur leurs capacit\u00e9s et leurs \u00e9quipements pour le travail.<\/p>\n<p>[\/et_pb_text][et_pb_button button_url=\u00a0\u00bbhttps:\/\/nunavikrotors.com\/fr\/nos-helicopteres\/\u00a0\u00bb button_text=\u00a0\u00bbNOS H\u00c9LICOPT\u00c8RES\u00a0\u00bb button_alignment=\u00a0\u00bbleft\u00a0\u00bb background_layout=\u00a0\u00bbdark\u00a0\u00bb admin_label=\u00a0\u00bbButton\u00a0\u00bb _builder_version=\u00a0\u00bb3.0.98&Prime; custom_button=\u00a0\u00bbon\u00a0\u00bb button_bg_color=\u00a0\u00bb#e85127&Prime; button_border_width=\u00a0\u00bb0px\u00a0\u00bb button_border_radius=\u00a0\u00bb29px\u00a0\u00bb button_icon=\u00a0\u00bb%%28%%\u00a0\u00bb button_on_hover=\u00a0\u00bboff\u00a0\u00bb button_bg_color_hover=\u00a0\u00bb#e83200&Prime;][\/et_pb_button][et_pb_text background_layout=\u00a0\u00bbdark\u00a0\u00bb admin_label=\u00a0\u00bbText\u00a0\u00bb _builder_version=\u00a0\u00bb3.0.98&Prime; custom_margin=\u00a0\u00bb50px|20px|30px|0px\u00a0\u00bb custom_margin_tablet=\u00a0\u00bb25px|20px|30px|0px\u00a0\u00bb custom_margin_phone=\u00a0\u00bb25px|10px|30px|0px\u00a0\u00bb custom_margin_last_edited=\u00a0\u00bbon|tablet\u00a0\u00bb custom_padding=\u00a0\u00bb0px|0px|0px|0px\u00a0\u00bb inline_fonts=\u00a0\u00bbPacifico\u00a0\u00bb]<\/p>\n<h3>Nunavik Rotors, une entreprise d\u00e9tenue et exploit\u00e9e localement.<\/h3>\n<p>Notre engagement envers la r\u00e9gion et sa communaut\u00e9 nous permet de vous proposer une gamme de services avantageux pour votre projet. Nos connaissances des ressources humaines et mat\u00e9rielles disponibles dans la r\u00e9gion, notre familiarit\u00e9 avec les pr\u00e9occupations environnementales locales et leurs applications vous feront gagner un temps pr\u00e9cieux.\u00a0<\/p>\n<p>Notre position strat\u00e9gique vous permettra aussi de profiter d\u2019\u00e9conomies consid\u00e9rables sur les co\u00fbts p\u00e9riph\u00e9riques.<\/p>\n<p>\u00a0<\/p>\n<ul>\n<li>Aucun frais de ferry \u00e0 destination et en provenance de la r\u00e9gion<\/li>\n<li>Aucun frais de chambre et de pension pour notre \u00e9quipage<\/li>\n<li>Aucun frais de transport pour les rotations de l&rsquo;\u00e9quipage<\/li>\n<li>Aucun frais suppl\u00e9mentaires pour les services de soutien<\/li>\n<\/ul>\n<p>[\/et_pb_text][\/et_pb_column][et_pb_column type=\u00a0\u00bb1_2&Prime; _builder_version=\u00a0\u00bb3.0.47&Prime; parallax=\u00a0\u00bboff\u00a0\u00bb parallax_method=\u00a0\u00bbon\u00a0\u00bb][et_pb_image src=\u00a0\u00bbhttp:\/\/nunavikrotors.com\/wp-content\/uploads\/Nunavik-Rotors-2014-08.jpg\u00a0\u00bb force_fullwidth=\u00a0\u00bbon\u00a0\u00bb admin_label=\u00a0\u00bbImage\u00a0\u00bb _builder_version=\u00a0\u00bb3.0.51&Prime; custom_margin=\u00a0\u00bb0px||0px|\u00a0\u00bb animation=\u00a0\u00bboff\u00a0\u00bb][\/et_pb_image][\/et_pb_column][\/et_pb_row][\/et_pb_section]<\/p>\n","protected":false},"excerpt":{"rendered":"<p>Services d\u2019h\u00e9licopt\u00e8re pour votre entreprisePour un travail rapide et fiable, choisissez nos h\u00e9licopt\u00e8res. Nunavik Rotors est situ\u00e9 \u00e0 Kuujjuaq, plaque tournante du transport au Nunavik. Nous offrons un acc\u00e8s rapide \u00e0 toute la r\u00e9gion et aux territoires voisins. Rep\u00e9rage sur le terrain, relev\u00e9s g\u00e9ologiques, transport d\u2019\u00e9quipement et mat\u00e9riel, transport de travailleurs, photographie a\u00e9rienne\u2026 Quels que [&hellip;]<\/p>\n","protected":false},"author":1,"featured_media":0,"parent":0,"menu_order":0,"comment_status":"closed","ping_status":"closed","template":"","meta":{"_et_pb_use_builder":"on","_et_pb_old_content":"","_et_gb_content_width":"","footnotes":""},"class_list":["post-540","page","type-page","status-publish","hentry"],"_links":{"self":[{"href":"https:\/\/nunavikrotors.com\/fr\/wp-json\/wp\/v2\/pages\/540","targetHints":{"allow":["GET"]}}],"collection":[{"href":"https:\/\/nunavikrotors.com\/fr\/wp-json\/wp\/v2\/pages"}],"about":[{"href":"https:\/\/nunavikrotors.com\/fr\/wp-json\/wp\/v2\/types\/page"}],"author":[{"embeddable":true,"href":"https:\/\/nunavikrotors.com\/fr\/wp-json\/wp\/v2\/users\/1"}],"replies":[{"embeddable":true,"href":"https:\/\/nunavikrotors.com\/fr\/wp-json\/wp\/v2\/comments?post=540"}],"version-history":[{"count":3,"href":"https:\/\/nunavikrotors.com\/fr\/wp-json\/wp\/v2\/pages\/540\/revisions"}],"predecessor-version":[{"id":578,"href":"https:\/\/nunavikrotors.com\/fr\/wp-json\/wp\/v2\/pages\/540\/revisions\/578"}],"wp:attachment":[{"href":"https:\/\/nunavikrotors.com\/fr\/wp-json\/wp\/v2\/media?parent=540"}],"curies":[{"name":"wp","href":"https:\/\/api.w.org\/{rel}","templated":true}]}}