{"id":544,"date":"2018-01-30T09:36:09","date_gmt":"2018-01-30T14:36:09","guid":{"rendered":"http:\/\/rotors.mediaprimweb.com\/?page_id=544"},"modified":"2018-01-30T09:42:29","modified_gmt":"2018-01-30T14:42:29","slug":"contact","status":"publish","type":"page","link":"https:\/\/nunavikrotors.com\/fr\/contact\/","title":{"rendered":"Contact"},"content":{"rendered":"<p>[et_pb_section fb_built=\u00a0\u00bb1&Prime; fullwidth=\u00a0\u00bbon\u00a0\u00bb admin_label=\u00a0\u00bbsection\u00a0\u00bb custom_padding_last_edited=\u00a0\u00bbon|phone\u00a0\u00bb _builder_version=\u00a0\u00bb3.0.51&Prime; custom_padding_phone=\u00a0\u00bb0px||0px|\u00a0\u00bb][et_pb_fullwidth_slider show_inner_shadow=\u00a0\u00bboff\u00a0\u00bb admin_label=\u00a0\u00bbFullwidth Slider\u00a0\u00bb _builder_version=\u00a0\u00bb3.0.51&Prime; custom_padding=\u00a0\u00bb150px||200px|\u00a0\u00bb custom_padding_tablet=\u00a0\u00bb200px||200px|\u00a0\u00bb custom_padding_phone=\u00a0\u00bb150px||0px|\u00a0\u00bb custom_padding_last_edited=\u00a0\u00bbon|desktop\u00a0\u00bb auto=\u00a0\u00bbon\u00a0\u00bb auto_speed=\u00a0\u00bb4000&Prime; auto_ignore_hover=\u00a0\u00bbon\u00a0\u00bb top_padding=\u00a0\u00bb150px\u00a0\u00bb bottom_padding=\u00a0\u00bb200px\u00a0\u00bb top_padding_tablet=\u00a0\u00bb200px\u00a0\u00bb bottom_padding_tablet=\u00a0\u00bb200px\u00a0\u00bb top_padding_phone=\u00a0\u00bb150px\u00a0\u00bb bottom_padding_phone=\u00a0\u00bb0px\u00a0\u00bb top_padding_last_edited=\u00a0\u00bbon|phone\u00a0\u00bb bottom_padding_last_edited=\u00a0\u00bbon|desktop\u00a0\u00bb remove_inner_shadow=\u00a0\u00bbon\u00a0\u00bb][et_pb_slide _builder_version=\u00a0\u00bb3.0.51&Prime; background_image=\u00a0\u00bbhttp:\/\/nunavikrotors.com\/wp-content\/uploads\/Nunavik-Rotors-slider-contact-01.jpg\u00a0\u00bb][\/et_pb_slide][et_pb_slide _builder_version=\u00a0\u00bb3.0.51&Prime; background_image=\u00a0\u00bbhttp:\/\/nunavikrotors.com\/wp-content\/uploads\/Nunavik-Rotors-slider-contact-02.jpg\u00a0\u00bb][\/et_pb_slide][et_pb_slide _builder_version=\u00a0\u00bb3.0.51&Prime; background_image=\u00a0\u00bbhttp:\/\/nunavikrotors.com\/wp-content\/uploads\/Nunavik-Rotors-slider-contact-03.jpg\u00a0\u00bb][\/et_pb_slide][\/et_pb_fullwidth_slider][\/et_pb_section][et_pb_section fb_built=\u00a0\u00bb1&Prime; background_color=\u00a0\u00bb#e85127&Prime; admin_label=\u00a0\u00bbsection\u00a0\u00bb _builder_version=\u00a0\u00bb3.0.51&Prime; custom_padding=\u00a0\u00bb0px||0px|\u00a0\u00bb][et_pb_row custom_margin=\u00a0\u00bb0px||0px|\u00a0\u00bb admin_label=\u00a0\u00bbrow\u00a0\u00bb _builder_version=\u00a0\u00bb3.0.51&Prime; background_image=\u00a0\u00bbhttp:\/\/nunavikrotors.com\/wp-content\/uploads\/Nunavik-Rotors-bg-bande1.png\u00a0\u00bb background_size=\u00a0\u00bbinitial\u00a0\u00bb background_position=\u00a0\u00bbbottom_right\u00a0\u00bb][et_pb_column type=\u00a0\u00bb4_4&Prime; _builder_version=\u00a0\u00bb3.0.47&Prime; parallax=\u00a0\u00bboff\u00a0\u00bb parallax_method=\u00a0\u00bbon\u00a0\u00bb][et_pb_text admin_label=\u00a0\u00bbText\u00a0\u00bb _builder_version=\u00a0\u00bb3.0.98&Prime; header_font_size_phone=\u00a0\u00bb24px\u00a0\u00bb header_font_size_last_edited=\u00a0\u00bbon|phone\u00a0\u00bb inline_fonts=\u00a0\u00bbPacifico\u00a0\u00bb]<\/p>\n<h1 style=\"text-align: center;\"><span style=\"font-family: Pacifico;\">Volez<\/span> avec Nunavik Rotors<\/h1>\n<p>[\/et_pb_text][\/et_pb_column][\/et_pb_row][\/et_pb_section][et_pb_section fb_built=\u00a0\u00bb1&Prime; background_color=\u00a0\u00bb#818386&Prime; admin_label=\u00a0\u00bbsection\u00a0\u00bb _builder_version=\u00a0\u00bb3.0.51&Prime; custom_padding=\u00a0\u00bb0px||0px|\u00a0\u00bb][et_pb_row make_fullwidth=\u00a0\u00bbon\u00a0\u00bb use_custom_gutter=\u00a0\u00bbon\u00a0\u00bb gutter_width=\u00a0\u00bb1&Prime; custom_padding=\u00a0\u00bb0px||0px|\u00a0\u00bb custom_margin=\u00a0\u00bb0px||0px|\u00a0\u00bb make_equal=\u00a0\u00bbon\u00a0\u00bb bg_img_1=\u00a0\u00bbhttp:\/\/nunavikrotors.com\/wp-content\/uploads\/Nunavik-Rotors-bg-1-1.png\u00a0\u00bb padding_top_1=\u00a0\u00bb10px\u00a0\u00bb padding_right_1=\u00a0\u00bb60px\u00a0\u00bb padding_bottom_1=\u00a0\u00bb10px\u00a0\u00bb padding_left_1=\u00a0\u00bb150px\u00a0\u00bb padding_top_2=\u00a0\u00bb0px\u00a0\u00bb padding_right_2=\u00a0\u00bb0px\u00a0\u00bb padding_bottom_2=\u00a0\u00bb0px\u00a0\u00bb padding_left_2=\u00a0\u00bb0px\u00a0\u00bb background_size_1=\u00a0\u00bbcover\u00a0\u00bb background_position_1=\u00a0\u00bbcenter_left\u00a0\u00bb padding_1_tablet=\u00a0\u00bb|||30px\u00a0\u00bb padding_1_phone=\u00a0\u00bb|30px|30px|\u00a0\u00bb padding_1_last_edited=\u00a0\u00bbon|phone\u00a0\u00bb padding_2_last_edited=\u00a0\u00bbon|desktop\u00a0\u00bb admin_label=\u00a0\u00bbrow\u00a0\u00bb _builder_version=\u00a0\u00bb3.0.51&Prime;][et_pb_column type=\u00a0\u00bb1_2&Prime; _builder_version=\u00a0\u00bb3.0.47&Prime; padding_phone=\u00a0\u00bb|30px|30px|\u00a0\u00bb padding_tablet=\u00a0\u00bb|||30px\u00a0\u00bb padding_last_edited=\u00a0\u00bbon|phone\u00a0\u00bb padding_bottom=\u00a0\u00bb10px\u00a0\u00bb padding_left=\u00a0\u00bb150px\u00a0\u00bb padding_right=\u00a0\u00bb60px\u00a0\u00bb padding_top=\u00a0\u00bb10px\u00a0\u00bb bg_img=\u00a0\u00bbhttp:\/\/nunavikrotors.com\/wp-content\/uploads\/Nunavik-Rotors-bg-1-1.png\u00a0\u00bb parallax=\u00a0\u00bboff\u00a0\u00bb parallax_method=\u00a0\u00bbon\u00a0\u00bb background_size=\u00a0\u00bbcover\u00a0\u00bb background_position=\u00a0\u00bbcenter_left\u00a0\u00bb][et_pb_text background_layout=\u00a0\u00bbdark\u00a0\u00bb admin_label=\u00a0\u00bbText\u00a0\u00bb _builder_version=\u00a0\u00bb3.0.98&Prime; custom_margin=\u00a0\u00bb25px|0px|30px|0px\u00a0\u00bb custom_margin_tablet=\u00a0\u00bb25px|20px|30px|0px\u00a0\u00bb custom_margin_phone=\u00a0\u00bb25px|10px|30px|0px\u00a0\u00bb custom_margin_last_edited=\u00a0\u00bbon|tablet\u00a0\u00bb custom_padding=\u00a0\u00bb0px|0px|0px|0px\u00a0\u00bb inline_fonts=\u00a0\u00bbPacifico\u00a0\u00bb]<\/p>\n<h2>Par affaires ou pour le plaisir,<br \/> <strong>venez volez avec nous.<\/strong><\/h2>\n<p>Pour plus d&rsquo;informations sur nos excursions en h\u00e9licopt\u00e8re, <br \/>nos forfaits et nos services d&rsquo;affaires, contactez-nous.<\/p>\n<p><strong>NUNAVIK ROTORS<\/strong><br \/> P.O. Box 510, Kuujjuaq (Qu\u00e9bec) J0M 1C0<\/p>\n<p><strong>T 819-964-1185<\/strong><br \/> F 819-964-1188<\/p>\n<p>&nbsp;<\/p>\n<p>[\/et_pb_text][et_pb_contact_form captcha=\u00a0\u00bboff\u00a0\u00bb email=\u00a0\u00bbpduncan@nunavikrotors.com\u00a0\u00bb custom_message=\u00a0\u00bbUn message de : %%Name%%||et_pb_line_break_holder||Adresse : %%Adress%%||et_pb_line_break_holder||%%City%%,%%Province%%,%%Country%%||et_pb_line_break_holder||%%Postal%%||et_pb_line_break_holder||T\u00e9l\u00e9phone : %%Phone%%||et_pb_line_break_holder||Courriel : %%Email%%||et_pb_line_break_holder||Message : %%Message%%\u00a0\u00bb success_message=\u00a0\u00bbMerci pour votre int\u00e9r\u00eat envers Nunavik Rotors, nous vous contacterons rapidement.\u00a0\u00bb submit_button_text=\u00a0\u00bbEnvoyer\u00a0\u00bb module_id=\u00a0\u00bbet_pb_contact_form_0&Prime; _builder_version=\u00a0\u00bb3.0.98&Prime; title_text_color=\u00a0\u00bb#ffffff\u00a0\u00bb form_field_text_color=\u00a0\u00bb#383838&Prime; border_radii=\u00a0\u00bbon|4px|4px|4px|4px\u00a0\u00bb custom_button=\u00a0\u00bbon\u00a0\u00bb button_text_color=\u00a0\u00bb#ffffff\u00a0\u00bb button_bg_color=\u00a0\u00bb#e85127&Prime; button_border_width=\u00a0\u00bb0px\u00a0\u00bb button_use_icon=\u00a0\u00bboff\u00a0\u00bb button_bg_color_hover=\u00a0\u00bb#e02b20&Prime; button_border_radius_hover=\u00a0\u00bb0px\u00a0\u00bb input_border_radius=\u00a0\u00bb4px\u00a0\u00bb][et_pb_contact_field field_id=\u00a0\u00bbName\u00a0\u00bb field_title=\u00a0\u00bbNom\u00a0\u00bb fullwidth_field=\u00a0\u00bbon\u00a0\u00bb _builder_version=\u00a0\u00bb3.0.98&Prime; border_radii=\u00a0\u00bbon||||\u00a0\u00bb][\/et_pb_contact_field][et_pb_contact_field field_id=\u00a0\u00bbAdress\u00a0\u00bb field_title=\u00a0\u00bbAdresse\u00a0\u00bb required_mark=\u00a0\u00bboff\u00a0\u00bb fullwidth_field=\u00a0\u00bbon\u00a0\u00bb _builder_version=\u00a0\u00bb3.0.98&Prime; border_radii=\u00a0\u00bbon||||\u00a0\u00bb][\/et_pb_contact_field][et_pb_contact_field field_id=\u00a0\u00bbCity\u00a0\u00bb field_title=\u00a0\u00bbVille\u00a0\u00bb _builder_version=\u00a0\u00bb3.0.98&Prime; border_radii=\u00a0\u00bbon||||\u00a0\u00bb][\/et_pb_contact_field][et_pb_contact_field field_id=\u00a0\u00bbProvince\u00a0\u00bb field_title=\u00a0\u00bbProvince\u00a0\u00bb _builder_version=\u00a0\u00bb3.0.47&Prime; border_radii=\u00a0\u00bbon||||\u00a0\u00bb][\/et_pb_contact_field][et_pb_contact_field field_id=\u00a0\u00bbCountry\u00a0\u00bb field_title=\u00a0\u00bbPays\u00a0\u00bb _builder_version=\u00a0\u00bb3.0.98&Prime; border_radii=\u00a0\u00bbon||||\u00a0\u00bb][\/et_pb_contact_field][et_pb_contact_field field_id=\u00a0\u00bbPostal\u00a0\u00bb field_title=\u00a0\u00bbCode postal\u00a0\u00bb _builder_version=\u00a0\u00bb3.0.98&Prime; border_radii=\u00a0\u00bbon||||\u00a0\u00bb][\/et_pb_contact_field][et_pb_contact_field field_id=\u00a0\u00bbEmail\u00a0\u00bb field_title=\u00a0\u00bbCourriel\u00a0\u00bb field_type=\u00a0\u00bbemail\u00a0\u00bb _builder_version=\u00a0\u00bb3.0.98&Prime; border_radii=\u00a0\u00bbon||||\u00a0\u00bb][\/et_pb_contact_field][et_pb_contact_field field_id=\u00a0\u00bbPhone\u00a0\u00bb field_title=\u00a0\u00bbT\u00e9l\u00e9phone\u00a0\u00bb _builder_version=\u00a0\u00bb3.0.98&Prime; border_radii=\u00a0\u00bbon||||\u00a0\u00bb][\/et_pb_contact_field][et_pb_contact_field field_id=\u00a0\u00bbMessage\u00a0\u00bb field_title=\u00a0\u00bbMessage\u00a0\u00bb field_type=\u00a0\u00bbtext\u00a0\u00bb fullwidth_field=\u00a0\u00bbon\u00a0\u00bb _builder_version=\u00a0\u00bb3.0.47&Prime; border_radii=\u00a0\u00bbon||||\u00a0\u00bb][\/et_pb_contact_field][\/et_pb_contact_form][\/et_pb_column][et_pb_column type=\u00a0\u00bb1_2&Prime; _builder_version=\u00a0\u00bb3.0.47&Prime; padding_last_edited=\u00a0\u00bbon|desktop\u00a0\u00bb padding_bottom=\u00a0\u00bb0px\u00a0\u00bb padding_left=\u00a0\u00bb0px\u00a0\u00bb padding_right=\u00a0\u00bb0px\u00a0\u00bb padding_top=\u00a0\u00bb0px\u00a0\u00bb parallax=\u00a0\u00bboff\u00a0\u00bb parallax_method=\u00a0\u00bbon\u00a0\u00bb][et_pb_map address=\u00a0\u00bbKuujjuaq Airport (YVP), Kuujjuaq, QC J0M, Canada\u00a0\u00bb zoom_level=\u00a0\u00bb13&Prime; address_lat=\u00a0\u00bb58.099297858022&Prime; address_lng=\u00a0\u00bb-68.419657981961&Prime; mouse_wheel=\u00a0\u00bboff\u00a0\u00bb mobile_dragging=\u00a0\u00bboff\u00a0\u00bb use_grayscale_filter=\u00a0\u00bbon\u00a0\u00bb grayscale_filter_amount=\u00a0\u00bb66&Prime; module_id=\u00a0\u00bbmapnuna\u00a0\u00bb _builder_version=\u00a0\u00bb3.0.51&Prime; child_filter_saturate=\u00a0\u00bb34%\u00a0\u00bb][et_pb_map_pin title=\u00a0\u00bbNunavik Rotors\u00a0\u00bb pin_address=\u00a0\u00bbKuujjuaq Airport (YVP), Kuujjuaq, QC J0M, Canada\u00a0\u00bb pin_address_lat=\u00a0\u00bb58.0996352&Prime; pin_address_lng=\u00a0\u00bb-68.4173486&Prime; _builder_version=\u00a0\u00bb3.0.51&Prime;]P.O. Box 510, Kuujjuaq (Quebec) J0M 1C0<br \/>\nT 819-964-1185<br \/>\nF 819-964-1188<br \/>\npduncan@nunavikrotors.com<br \/>\n[\/et_pb_map_pin][\/et_pb_map][\/et_pb_column][\/et_pb_row][\/et_pb_section]<\/p>\n","protected":false},"excerpt":{"rendered":"<p>Volez avec Nunavik RotorsPar affaires ou pour le plaisir, venez volez avec nous. Pour plus d&rsquo;informations sur nos excursions en h\u00e9licopt\u00e8re, nos forfaits et nos services d&rsquo;affaires, contactez-nous. NUNAVIK ROTORS P.O. Box 510, Kuujjuaq (Qu\u00e9bec) J0M 1C0 T 819-964-1185 F 819-964-1188 &nbsp;P.O. Box 510, Kuujjuaq (Quebec) J0M 1C0 T 819-964-1185 F 819-964-1188 pduncan@nunavikrotors.com<\/p>\n","protected":false},"author":1,"featured_media":0,"parent":0,"menu_order":0,"comment_status":"closed","ping_status":"closed","template":"","meta":{"_et_pb_use_builder":"on","_et_pb_old_content":"","_et_gb_content_width":"","footnotes":""},"class_list":["post-544","page","type-page","status-publish","hentry"],"_links":{"self":[{"href":"https:\/\/nunavikrotors.com\/fr\/wp-json\/wp\/v2\/pages\/544","targetHints":{"allow":["GET"]}}],"collection":[{"href":"https:\/\/nunavikrotors.com\/fr\/wp-json\/wp\/v2\/pages"}],"about":[{"href":"https:\/\/nunavikrotors.com\/fr\/wp-json\/wp\/v2\/types\/page"}],"author":[{"embeddable":true,"href":"https:\/\/nunavikrotors.com\/fr\/wp-json\/wp\/v2\/users\/1"}],"replies":[{"embeddable":true,"href":"https:\/\/nunavikrotors.com\/fr\/wp-json\/wp\/v2\/comments?post=544"}],"version-history":[{"count":2,"href":"https:\/\/nunavikrotors.com\/fr\/wp-json\/wp\/v2\/pages\/544\/revisions"}],"predecessor-version":[{"id":547,"href":"https:\/\/nunavikrotors.com\/fr\/wp-json\/wp\/v2\/pages\/544\/revisions\/547"}],"wp:attachment":[{"href":"https:\/\/nunavikrotors.com\/fr\/wp-json\/wp\/v2\/media?parent=544"}],"curies":[{"name":"wp","href":"https:\/\/api.w.org\/{rel}","templated":true}]}}